{"id":25484,"date":"2025-03-13T09:47:17","date_gmt":"2025-03-13T09:47:17","guid":{"rendered":"https:\/\/essorage.fr\/contact\/"},"modified":"2026-02-10T13:27:49","modified_gmt":"2026-02-10T13:27:49","slug":"contact","status":"publish","type":"page","link":"https:\/\/essorage.fr\/en\/contact\/","title":{"rendered":"Contact"},"content":{"rendered":"\t\t<div data-elementor-type=\"wp-page\" data-elementor-id=\"25484\" class=\"elementor elementor-25484 elementor-23484\">\n\t\t\t\t<div class=\"elementor-element elementor-element-b68076b e-con-full e-flex e-con e-parent\" data-id=\"b68076b\" data-element_type=\"container\" data-e-type=\"container\" data-settings=\"{&quot;background_background&quot;:&quot;classic&quot;}\">\n\t\t<div class=\"elementor-element elementor-element-a8ab071 e-con-full animated-fast e-flex elementor-invisible e-con e-child\" data-id=\"a8ab071\" data-element_type=\"container\" data-e-type=\"container\" data-settings=\"{&quot;animation&quot;:&quot;fadeIn&quot;,&quot;animation_delay&quot;:200}\">\n\t\t\t\t<div class=\"elementor-element elementor-element-667b00c elementor-widget elementor-widget-image\" data-id=\"667b00c\" data-element_type=\"widget\" data-e-type=\"widget\" data-settings=\"{&quot;ekit_we_effect_on&quot;:&quot;none&quot;}\" data-widget_type=\"image.default\">\n\t\t\t\t\t\t\t\t\t\t\t\t\t\t\t<img fetchpriority=\"high\" decoding=\"async\" width=\"959\" height=\"1024\" src=\"https:\/\/essorage.fr\/wp-content\/uploads\/2025\/12\/carte-france-1-959x1024.jpg\" class=\"attachment-large size-large wp-image-25486\" alt=\"\" srcset=\"https:\/\/essorage.fr\/wp-content\/uploads\/2025\/12\/carte-france-1-959x1024.jpg 959w, https:\/\/essorage.fr\/wp-content\/uploads\/2025\/12\/carte-france-1-281x300.jpg 281w, https:\/\/essorage.fr\/wp-content\/uploads\/2025\/12\/carte-france-1-768x820.jpg 768w, https:\/\/essorage.fr\/wp-content\/uploads\/2025\/12\/carte-france-1-1439x1536.jpg 1439w, https:\/\/essorage.fr\/wp-content\/uploads\/2025\/12\/carte-france-1-1918x2048.jpg 1918w, https:\/\/essorage.fr\/wp-content\/uploads\/2025\/12\/carte-france-1-710x758.jpg 710w, https:\/\/essorage.fr\/wp-content\/uploads\/2025\/12\/carte-france-1-600x641.jpg 600w\" sizes=\"(max-width: 959px) 100vw, 959px\" \/>\t\t\t\t\t\t\t\t\t\t\t\t\t\t\t<\/div>\n\t\t\t\t<\/div>\n\t\t<div class=\"elementor-element elementor-element-27be5b4 e-con-full e-flex e-con e-child\" data-id=\"27be5b4\" data-element_type=\"container\" data-e-type=\"container\">\n\t\t<div class=\"elementor-element elementor-element-a42bad5 e-con-full e-flex e-con e-child\" data-id=\"a42bad5\" data-element_type=\"container\" data-e-type=\"container\">\n\t\t\t\t<div class=\"elementor-element elementor-element-11b4112 animated-fast elementor-invisible elementor-widget elementor-widget-elementskit-heading\" data-id=\"11b4112\" data-element_type=\"widget\" data-e-type=\"widget\" data-settings=\"{&quot;_animation&quot;:&quot;fadeIn&quot;,&quot;_animation_delay&quot;:100,&quot;ekit_we_effect_on&quot;:&quot;css&quot;}\" data-widget_type=\"elementskit-heading.default\">\n\t\t\t\t\t<div class=\"ekit-wid-con\" ><div class=\"ekit-heading elementskit-section-title-wraper text_left   ekit_heading_tablet-   ekit_heading_mobile-text_left\"><h6 class=\"elementskit-section-subtitle   ekit-heading__subtitle-has-border\">\n\t\t\t\t\t\tContact Us\n\t\t\t\t\t<\/h6><h2 class=\"ekit-heading--title elementskit-section-title \">We <span>respond<\/span> to your inquiries<\/h2>\t\t\t\t<div class='ekit-heading__description'>\n\t\t\t\t\t<p>Have a question or comment? Complete the form below, and we will respond as soon as possible. <\/p>\n\t\t\t\t<\/div>\n\t\t\t<\/div><\/div>\t\t\t\t<\/div>\n\t\t\t\t<div class=\"elementor-element elementor-element-5bfc37d animated-fast elementor-invisible elementor-widget elementor-widget-elementskit-contact-form7\" data-id=\"5bfc37d\" data-element_type=\"widget\" data-e-type=\"widget\" data-settings=\"{&quot;_animation&quot;:&quot;fadeIn&quot;,&quot;_animation_delay&quot;:200,&quot;ekit_we_effect_on&quot;:&quot;none&quot;}\" data-widget_type=\"elementskit-contact-form7.default\">\n\t\t\t\t\t<div class=\"ekit-wid-con\" ><div class=\"ekit-form\">\n<div class=\"wpcf7 no-js\" id=\"wpcf7-f25561-p25484-o1\" lang=\"en-US\" dir=\"ltr\" data-wpcf7-id=\"25561\">\n<div class=\"screen-reader-response\"><p role=\"status\" aria-live=\"polite\" aria-atomic=\"true\"><\/p> <ul><\/ul><\/div>\n<form action=\"\/en\/contact\/#wpcf7-f25561-p25484-o1\" method=\"post\" class=\"wpcf7-form init\" aria-label=\"Contact form\" novalidate=\"novalidate\" data-status=\"init\">\n<fieldset class=\"hidden-fields-container\"><input type=\"hidden\" name=\"_wpcf7\" value=\"25561\" \/><input type=\"hidden\" name=\"_wpcf7_version\" value=\"6.1.5\" \/><input type=\"hidden\" name=\"_wpcf7_locale\" value=\"en_US\" \/><input type=\"hidden\" name=\"_wpcf7_unit_tag\" value=\"wpcf7-f25561-p25484-o1\" \/><input type=\"hidden\" name=\"_wpcf7_container_post\" value=\"25484\" \/><input type=\"hidden\" name=\"_wpcf7_posted_data_hash\" value=\"\" \/>\n<\/fieldset>\n<div class=\"inline-form\">\n\t<div class=\"keydesign-label\">\n\t\t<p><label>Name *<\/label><span class=\"wpcf7-form-control-wrap\" data-name=\"full-name\"><input size=\"40\" maxlength=\"400\" class=\"wpcf7-form-control wpcf7-text wpcf7-validates-as-required\" autocomplete=\"name\" aria-required=\"true\" aria-invalid=\"false\" value=\"\" type=\"text\" name=\"full-name\" \/><\/span>\n\t\t<\/p>\n\t<\/div>\n<\/div>\n<div class=\"inline-form mb-fix\">\n\t<div class=\"keydesign-label\">\n\t\t<p><label>Phone *<\/label><span class=\"wpcf7-form-control-wrap\" data-name=\"phone-number\"><input size=\"40\" maxlength=\"400\" class=\"wpcf7-form-control wpcf7-tel wpcf7-validates-as-required wpcf7-text wpcf7-validates-as-tel\" autocomplete=\"tel\" aria-required=\"true\" aria-invalid=\"false\" value=\"\" type=\"tel\" name=\"phone-number\" \/><\/span>\n\t\t<\/p>\n\t<\/div>\n\t<div class=\"keydesign-label\">\n\t\t<p><label>Email *<\/label><span class=\"wpcf7-form-control-wrap\" data-name=\"email-address\"><input size=\"40\" maxlength=\"400\" class=\"wpcf7-form-control wpcf7-email wpcf7-text wpcf7-validates-as-email\" autocomplete=\"email\" aria-invalid=\"false\" value=\"\" type=\"email\" name=\"email-address\" \/><\/span>\n\t\t<\/p>\n\t<\/div>\n<\/div>\n<div class=\"keydesign-label\">\n\t<p><label>How can we help you?<\/label><span class=\"wpcf7-form-control-wrap\" data-name=\"your-message\"><textarea cols=\"40\" rows=\"10\" maxlength=\"2000\" class=\"wpcf7-form-control wpcf7-textarea\" aria-invalid=\"false\" name=\"your-message\"><\/textarea><\/span>\n\t<\/p>\n<\/div>\n<p><span class=\"wpcf7-form-control-wrap\" data-name=\"your-consent\"><span class=\"wpcf7-form-control wpcf7-acceptance\"><span class=\"wpcf7-list-item\"><label><input type=\"checkbox\" name=\"your-consent\" value=\"1\" aria-invalid=\"false\" \/><span class=\"wpcf7-list-item-label\">I understand and accept the <a href=\"#\" target=\"_blank\">privacy policy<\/a>.<\/span><\/label><\/span><\/span><\/span>\n<\/p>\n<p><input class=\"wpcf7-form-control wpcf7-submit has-spinner\" type=\"submit\" value=\"Send\" \/>\n<\/p><div class=\"wpcf7-response-output\" aria-hidden=\"true\"><\/div>\n<\/form>\n<\/div>\n<\/div><\/div>\t\t\t\t<\/div>\n\t\t\t\t<\/div>\n\t\t\t\t<\/div>\n\t\t\t\t<\/div>\n\t\t<div class=\"elementor-element elementor-element-9bad5b0 e-flex e-con-boxed e-con e-parent\" data-id=\"9bad5b0\" data-element_type=\"container\" data-e-type=\"container\" data-settings=\"{&quot;background_background&quot;:&quot;classic&quot;}\">\n\t\t\t\t\t<div class=\"e-con-inner\">\n\t\t<div class=\"elementor-element elementor-element-dded1c0 e-con-full e-flex e-con e-child\" data-id=\"dded1c0\" data-element_type=\"container\" data-e-type=\"container\">\n\t\t<div class=\"elementor-element elementor-element-07804a8 e-con-full e-flex e-con e-child\" data-id=\"07804a8\" data-element_type=\"container\" data-e-type=\"container\">\n\t\t\t\t<div class=\"elementor-element elementor-element-99c7588 animated-fast elementor-invisible elementor-widget elementor-widget-elementskit-heading\" data-id=\"99c7588\" data-element_type=\"widget\" data-e-type=\"widget\" data-settings=\"{&quot;_animation&quot;:&quot;fadeIn&quot;,&quot;_animation_delay&quot;:100,&quot;ekit_we_effect_on&quot;:&quot;css&quot;}\" data-widget_type=\"elementskit-heading.default\">\n\t\t\t\t\t<div class=\"ekit-wid-con\" ><div class=\"ekit-heading elementskit-section-title-wraper text_left   ekit_heading_tablet-   ekit_heading_mobile-text_left\"><h6 class=\"elementskit-section-subtitle   ekit-heading__subtitle-has-border\">\n\t\t\t\t\t\tOur Difference\n\t\t\t\t\t<\/h6><h2 class=\"ekit-heading--title elementskit-section-title \">Available and <span><span>committed<\/span><\/span> to providing solutions to our clients, including in emergencies<\/h2><\/div><\/div>\t\t\t\t<\/div>\n\t\t\t\t<\/div>\n\t\t<div class=\"elementor-element elementor-element-62fc3bf e-con-full e-flex e-con e-child\" data-id=\"62fc3bf\" data-element_type=\"container\" data-e-type=\"container\">\n\t\t\t\t<div class=\"elementor-element elementor-element-be13628 animated-fast elementor-invisible elementor-widget elementor-widget-elementskit-heading\" data-id=\"be13628\" data-element_type=\"widget\" data-e-type=\"widget\" data-settings=\"{&quot;_animation&quot;:&quot;fadeIn&quot;,&quot;_animation_delay&quot;:200,&quot;ekit_we_effect_on&quot;:&quot;none&quot;}\" data-widget_type=\"elementskit-heading.default\">\n\t\t\t\t\t<div class=\"ekit-wid-con\" ><div class=\"ekit-heading elementskit-section-title-wraper text_left   ekit_heading_tablet-   ekit_heading_mobile-\"><\/div><\/div>\t\t\t\t<\/div>\n\t\t\t\t<\/div>\n\t\t\t\t<\/div>\n\t\t<div class=\"elementor-element elementor-element-42664b3 e-con-full e-flex e-con e-child\" data-id=\"42664b3\" data-element_type=\"container\" data-e-type=\"container\">\n\t\t<div class=\"elementor-element elementor-element-1ca379c e-con-full animated-fast e-flex elementor-invisible e-con e-child\" data-id=\"1ca379c\" data-element_type=\"container\" data-e-type=\"container\" data-settings=\"{&quot;animation&quot;:&quot;fadeInUp&quot;,&quot;background_background&quot;:&quot;classic&quot;,&quot;animation_delay&quot;:200}\">\n\t\t\t\t<div class=\"elementor-element elementor-element-083e86a animated-fast widget-link-underline ekit-equal-height-disable elementor-invisible elementor-widget elementor-widget-elementskit-icon-box\" data-id=\"083e86a\" data-element_type=\"widget\" data-e-type=\"widget\" data-settings=\"{&quot;_animation&quot;:&quot;fadeInUp&quot;,&quot;_animation_delay&quot;:100,&quot;ekit_we_effect_on&quot;:&quot;none&quot;}\" data-widget_type=\"elementskit-icon-box.default\">\n\t\t\t\t\t<div class=\"ekit-wid-con\" >        <!-- link opening -->\n                <!-- end link opening -->\n\n        <div class=\"elementskit-infobox text-left text-left icon-lef-right-aligin elementor-animation- media  \">\n                            <div class=\"elementskit-box-header\">\n                <div class=\"elementskit-info-box-icon text-center\">\n                    <img decoding=\"async\" width=\"500\" height=\"500\" src=\"https:\/\/essorage.fr\/wp-content\/uploads\/2025\/12\/picto-home-05-02.svg\" class=\"attachment- size-\" alt=\"\" \/>                <\/div>\n          <\/div>\n                <div class=\"box-body\">\n                            <h4 class=\"elementskit-info-box-title\">\n                    Accessible                <\/h4>\n                        \t\t  \t<p>Available year-round via email &amp; on our mobile phones. <\/p>\n                                <\/div>\n        \n        \n                <\/div>\n        <\/div>\t\t\t\t<\/div>\n\t\t\t\t<\/div>\n\t\t<div class=\"elementor-element elementor-element-4fc718b e-con-full animated-fast e-flex elementor-invisible e-con e-child\" data-id=\"4fc718b\" data-element_type=\"container\" data-e-type=\"container\" data-settings=\"{&quot;animation&quot;:&quot;fadeInUp&quot;,&quot;background_background&quot;:&quot;classic&quot;,&quot;animation_delay&quot;:300}\">\n\t\t\t\t<div class=\"elementor-element elementor-element-ea64155 animated-fast widget-link-underline ekit-equal-height-disable elementor-invisible elementor-widget elementor-widget-elementskit-icon-box\" data-id=\"ea64155\" data-element_type=\"widget\" data-e-type=\"widget\" data-settings=\"{&quot;_animation&quot;:&quot;fadeInUp&quot;,&quot;_animation_delay&quot;:200,&quot;ekit_we_effect_on&quot;:&quot;none&quot;}\" data-widget_type=\"elementskit-icon-box.default\">\n\t\t\t\t\t<div class=\"ekit-wid-con\" >        <!-- link opening -->\n                <!-- end link opening -->\n\n        <div class=\"elementskit-infobox text-left text-left icon-lef-right-aligin elementor-animation- media  \">\n                            <div class=\"elementskit-box-header\">\n                <div class=\"elementskit-info-box-icon text-center\">\n                    <img decoding=\"async\" width=\"500\" height=\"500\" src=\"https:\/\/essorage.fr\/wp-content\/uploads\/2025\/12\/picto-home-05-04.svg\" class=\"attachment- size-\" alt=\"\" \/>                <\/div>\n          <\/div>\n                <div class=\"box-body\">\n                            <h4 class=\"elementskit-info-box-title\">\n                    Committed                <\/h4>\n                        \t\t  \t<p>Your challenges become ours!<\/p>\n                                <\/div>\n        \n        \n                <\/div>\n        <\/div>\t\t\t\t<\/div>\n\t\t\t\t<\/div>\n\t\t<div class=\"elementor-element elementor-element-38ebd93 e-con-full animated-fast e-flex elementor-invisible e-con e-child\" data-id=\"38ebd93\" data-element_type=\"container\" data-e-type=\"container\" data-settings=\"{&quot;animation&quot;:&quot;fadeInUp&quot;,&quot;background_background&quot;:&quot;classic&quot;,&quot;animation_delay&quot;:400}\">\n\t\t\t\t<div class=\"elementor-element elementor-element-94ffba8 animated-fast widget-link-underline ekit-equal-height-disable elementor-invisible elementor-widget elementor-widget-elementskit-icon-box\" data-id=\"94ffba8\" data-element_type=\"widget\" data-e-type=\"widget\" data-settings=\"{&quot;_animation&quot;:&quot;fadeInUp&quot;,&quot;_animation_delay&quot;:300,&quot;ekit_we_effect_on&quot;:&quot;none&quot;}\" data-widget_type=\"elementskit-icon-box.default\">\n\t\t\t\t\t<div class=\"ekit-wid-con\" >        <!-- link opening -->\n                <!-- end link opening -->\n\n        <div class=\"elementskit-infobox text-left text-left icon-lef-right-aligin elementor-animation- media  \">\n                            <div class=\"elementskit-box-header\">\n                <div class=\"elementskit-info-box-icon text-center\">\n                    <img loading=\"lazy\" decoding=\"async\" width=\"500\" height=\"500\" src=\"https:\/\/essorage.fr\/wp-content\/uploads\/2025\/12\/picto-home-05-03.svg\" class=\"attachment- size-\" alt=\"\" \/>                <\/div>\n          <\/div>\n                <div class=\"box-body\">\n                            <h4 class=\"elementskit-info-box-title\">\n                    Agile                 <\/h4>\n                        \t\t  \t<p>To find you an in-house OPE solution or through our network of partners.<\/p>\n                                <\/div>\n        \n        \n                <\/div>\n        <\/div>\t\t\t\t<\/div>\n\t\t\t\t<\/div>\n\t\t\t\t<\/div>\n\t\t\t\t\t<\/div>\n\t\t\t\t<\/div>\n\t\t\t\t<\/div>\n\t\t","protected":false},"excerpt":{"rendered":"<p>Contact Us We respond to your inquiries Have a question or comment? Complete the form below, and we will respond as soon as possible. Nom * T\u00e9l\u00e9phone * Email * Comment pouvons-nous vous aider ? Je comprends et j&#8217;accepte la politique de confidentialit\u00e9. Our Difference Available and committed to providing solutions to our clients, including [&hellip;]<\/p>\n","protected":false},"author":1,"featured_media":0,"parent":0,"menu_order":0,"comment_status":"closed","ping_status":"closed","template":"","meta":{"footnotes":""},"class_list":["post-25484","page","type-page","status-publish","hentry"],"yoast_head":"<!-- This site is optimized with the Yoast SEO plugin v26.9 - https:\/\/yoast.com\/product\/yoast-seo-wordpress\/ -->\n<title>Contact OPE for your inquiries<\/title>\n<meta name=\"description\" content=\"Complete our contact form. We are available year-round to address your needs and provide solutions.\" \/>\n<meta name=\"robots\" content=\"index, follow, max-snippet:-1, max-image-preview:large, max-video-preview:-1\" \/>\n<link rel=\"canonical\" href=\"https:\/\/essorage.fr\/en\/contact\/\" \/>\n<meta property=\"og:locale\" content=\"en_US\" \/>\n<meta property=\"og:type\" content=\"article\" \/>\n<meta property=\"og:title\" content=\"Contact OPE for your inquiries\" \/>\n<meta property=\"og:description\" content=\"Complete our contact form. We are available year-round to address your needs and provide solutions.\" \/>\n<meta property=\"og:url\" content=\"https:\/\/essorage.fr\/en\/contact\/\" \/>\n<meta property=\"og:site_name\" content=\"OPE\" \/>\n<meta property=\"article:modified_time\" content=\"2026-02-10T13:27:49+00:00\" \/>\n<meta property=\"og:image\" content=\"https:\/\/essorage.fr\/wp-content\/uploads\/2025\/12\/carte-france-1-scaled.jpg\" \/>\n\t<meta property=\"og:image:width\" content=\"2398\" \/>\n\t<meta property=\"og:image:height\" content=\"2560\" \/>\n\t<meta property=\"og:image:type\" content=\"image\/jpeg\" \/>\n<meta name=\"twitter:card\" content=\"summary_large_image\" \/>\n<script type=\"application\/ld+json\" class=\"yoast-schema-graph\">{\"@context\":\"https:\/\/schema.org\",\"@graph\":[{\"@type\":\"WebPage\",\"@id\":\"https:\/\/essorage.fr\/en\/contact\/\",\"url\":\"https:\/\/essorage.fr\/en\/contact\/\",\"name\":\"Contact OPE for your inquiries\",\"isPartOf\":{\"@id\":\"https:\/\/essorage.fr\/en\/#website\"},\"primaryImageOfPage\":{\"@id\":\"https:\/\/essorage.fr\/en\/contact\/#primaryimage\"},\"image\":{\"@id\":\"https:\/\/essorage.fr\/en\/contact\/#primaryimage\"},\"thumbnailUrl\":\"https:\/\/essorage.fr\/wp-content\/uploads\/2025\/12\/carte-france-1-959x1024.jpg\",\"datePublished\":\"2025-03-13T09:47:17+00:00\",\"dateModified\":\"2026-02-10T13:27:49+00:00\",\"description\":\"Complete our contact form. We are available year-round to address your needs and provide solutions.\",\"breadcrumb\":{\"@id\":\"https:\/\/essorage.fr\/en\/contact\/#breadcrumb\"},\"inLanguage\":\"en-US\",\"potentialAction\":[{\"@type\":\"ReadAction\",\"target\":[\"https:\/\/essorage.fr\/en\/contact\/\"]}]},{\"@type\":\"ImageObject\",\"inLanguage\":\"en-US\",\"@id\":\"https:\/\/essorage.fr\/en\/contact\/#primaryimage\",\"url\":\"https:\/\/essorage.fr\/wp-content\/uploads\/2025\/12\/carte-france-1-959x1024.jpg\",\"contentUrl\":\"https:\/\/essorage.fr\/wp-content\/uploads\/2025\/12\/carte-france-1-959x1024.jpg\"},{\"@type\":\"BreadcrumbList\",\"@id\":\"https:\/\/essorage.fr\/en\/contact\/#breadcrumb\",\"itemListElement\":[{\"@type\":\"ListItem\",\"position\":1,\"name\":\"Accueil\",\"item\":\"https:\/\/essorage.fr\/en\/home\/\"},{\"@type\":\"ListItem\",\"position\":2,\"name\":\"Contact\"}]},{\"@type\":\"WebSite\",\"@id\":\"https:\/\/essorage.fr\/en\/#website\",\"url\":\"https:\/\/essorage.fr\/en\/\",\"name\":\"OPE\",\"description\":\"\",\"potentialAction\":[{\"@type\":\"SearchAction\",\"target\":{\"@type\":\"EntryPoint\",\"urlTemplate\":\"https:\/\/essorage.fr\/en\/?s={search_term_string}\"},\"query-input\":{\"@type\":\"PropertyValueSpecification\",\"valueRequired\":true,\"valueName\":\"search_term_string\"}}],\"inLanguage\":\"en-US\"}]}<\/script>\n<!-- \/ Yoast SEO plugin. -->","yoast_head_json":{"title":"Contact OPE for your inquiries","description":"Complete our contact form. We are available year-round to address your needs and provide solutions.","robots":{"index":"index","follow":"follow","max-snippet":"max-snippet:-1","max-image-preview":"max-image-preview:large","max-video-preview":"max-video-preview:-1"},"canonical":"https:\/\/essorage.fr\/en\/contact\/","og_locale":"en_US","og_type":"article","og_title":"Contact OPE for your inquiries","og_description":"Complete our contact form. We are available year-round to address your needs and provide solutions.","og_url":"https:\/\/essorage.fr\/en\/contact\/","og_site_name":"OPE","article_modified_time":"2026-02-10T13:27:49+00:00","og_image":[{"width":2398,"height":2560,"url":"https:\/\/essorage.fr\/wp-content\/uploads\/2025\/12\/carte-france-1-scaled.jpg","type":"image\/jpeg"}],"twitter_card":"summary_large_image","schema":{"@context":"https:\/\/schema.org","@graph":[{"@type":"WebPage","@id":"https:\/\/essorage.fr\/en\/contact\/","url":"https:\/\/essorage.fr\/en\/contact\/","name":"Contact OPE for your inquiries","isPartOf":{"@id":"https:\/\/essorage.fr\/en\/#website"},"primaryImageOfPage":{"@id":"https:\/\/essorage.fr\/en\/contact\/#primaryimage"},"image":{"@id":"https:\/\/essorage.fr\/en\/contact\/#primaryimage"},"thumbnailUrl":"https:\/\/essorage.fr\/wp-content\/uploads\/2025\/12\/carte-france-1-959x1024.jpg","datePublished":"2025-03-13T09:47:17+00:00","dateModified":"2026-02-10T13:27:49+00:00","description":"Complete our contact form. We are available year-round to address your needs and provide solutions.","breadcrumb":{"@id":"https:\/\/essorage.fr\/en\/contact\/#breadcrumb"},"inLanguage":"en-US","potentialAction":[{"@type":"ReadAction","target":["https:\/\/essorage.fr\/en\/contact\/"]}]},{"@type":"ImageObject","inLanguage":"en-US","@id":"https:\/\/essorage.fr\/en\/contact\/#primaryimage","url":"https:\/\/essorage.fr\/wp-content\/uploads\/2025\/12\/carte-france-1-959x1024.jpg","contentUrl":"https:\/\/essorage.fr\/wp-content\/uploads\/2025\/12\/carte-france-1-959x1024.jpg"},{"@type":"BreadcrumbList","@id":"https:\/\/essorage.fr\/en\/contact\/#breadcrumb","itemListElement":[{"@type":"ListItem","position":1,"name":"Accueil","item":"https:\/\/essorage.fr\/en\/home\/"},{"@type":"ListItem","position":2,"name":"Contact"}]},{"@type":"WebSite","@id":"https:\/\/essorage.fr\/en\/#website","url":"https:\/\/essorage.fr\/en\/","name":"OPE","description":"","potentialAction":[{"@type":"SearchAction","target":{"@type":"EntryPoint","urlTemplate":"https:\/\/essorage.fr\/en\/?s={search_term_string}"},"query-input":{"@type":"PropertyValueSpecification","valueRequired":true,"valueName":"search_term_string"}}],"inLanguage":"en-US"}]}},"_hostinger_reach_plugin_has_subscription_block":false,"_hostinger_reach_plugin_is_elementor":false,"_links":{"self":[{"href":"https:\/\/essorage.fr\/en\/wp-json\/wp\/v2\/pages\/25484","targetHints":{"allow":["GET"]}}],"collection":[{"href":"https:\/\/essorage.fr\/en\/wp-json\/wp\/v2\/pages"}],"about":[{"href":"https:\/\/essorage.fr\/en\/wp-json\/wp\/v2\/types\/page"}],"author":[{"embeddable":true,"href":"https:\/\/essorage.fr\/en\/wp-json\/wp\/v2\/users\/1"}],"replies":[{"embeddable":true,"href":"https:\/\/essorage.fr\/en\/wp-json\/wp\/v2\/comments?post=25484"}],"version-history":[{"count":1,"href":"https:\/\/essorage.fr\/en\/wp-json\/wp\/v2\/pages\/25484\/revisions"}],"predecessor-version":[{"id":25488,"href":"https:\/\/essorage.fr\/en\/wp-json\/wp\/v2\/pages\/25484\/revisions\/25488"}],"wp:attachment":[{"href":"https:\/\/essorage.fr\/en\/wp-json\/wp\/v2\/media?parent=25484"}],"curies":[{"name":"wp","href":"https:\/\/api.w.org\/{rel}","templated":true}]}}